{"id":6,"date":"2025-12-01T22:34:50","date_gmt":"2025-12-01T15:34:50","guid":{"rendered":"https:\/\/vents.co.com\/?page_id=6"},"modified":"2025-12-03T00:55:43","modified_gmt":"2025-12-02T17:55:43","slug":"trang-chu","status":"publish","type":"page","link":"https:\/\/vents.co.com\/","title":{"rendered":"888top &#8211; Trang \u0110\u0103ng K\u00fd 888TOP.COM +58K Ho\u00e0n tr\u1ea3 100%"},"content":{"rendered":"<div class=\"row\"  id=\"row-76319635\">\n\n\t<div id=\"col-832302783\" class=\"col medium-8 small-12 large-8\"  >\n\t\t\t\t<div class=\"col-inner\"  >\n\t\t\t\n\t\t\t\n<h1 class=\"tieu-de\" style=\"text-align: center;\">888top &#8211; Trang \u0110\u0103ng K\u00fd 888TOP.COM +58K Ho\u00e0n tr\u1ea3 100%<\/h1>\n<p><span style=\"color: #359eff;\"><strong>888TOP<\/strong> l\u00e0 nh\u00e0 c\u00e1i uy t\u00edn s\u1ed1 1 trong li\u00ean minh TopVip m\u1edbi ra m\u1eaft th\u1ecb tr\u01b0\u1eddng Ch\u00e2u \u00c1, th\u01b0\u01a1ng hi\u1ec7u \u0111\u00e3 \u0111\u01b0\u1ee3c Gamcare v\u00e0 BeGambleaware ch\u1ee9ng th\u1ef1c. Nh\u00e0 c\u00e1i 8888top s\u1ebd mang \u0111\u1ebfn cho ng\u01b0\u1eddi ch\u01a1i \u0111\u1ea7y \u0111\u1ee7 c\u00e1c lo\u1ea1i h\u00ecnh c\u00e1 c\u01b0\u1ee3c n\u1ed5 h\u0169, c\u00e1c b\u00e0n casino tr\u1ef1c tuy\u1ebfn v\u00e0 k\u00e8o nh\u00e0 c\u00e1i b\u00f3ng \u0111\u00e1 qu\u1ed1c t\u1ebf chu\u1ea9n. N\u1ebfu \u0111ang t\u00ecm ki\u1ebfm n\u1ec1n t\u1ea3ng m\u1edbi v\u1edbi nhi\u1ec1u \u01b0u \u0111\u00e3i th\u00e0nh vi\u00ean th\u00ec kh\u00f4ng th\u1ec3 b\u1ecf qua s\u00e2n ch\u01a1i n\u00e0y.<\/span><\/p>\n<blockquote><p>Trang ch\u1ee7 \u0110\u0103ng nh\u1eadp nh\u00e0 c\u00e1i 888top com ch\u00ednh th\u1ee9c: <a href=\"https:\/\/vents.co.com\/\"><span style=\"color: #008000;\"><em>https:\/\/vents.co.com\/<\/em><\/span><\/a><\/p><\/blockquote>\n\t\t<\/div>\n\t\t\t\t\t<\/div>\n\n\t\n\n\t<div id=\"col-1954585352\" class=\"col medium-4 small-12 large-4\"  >\n\t\t\t\t<div class=\"col-inner text-center\"  >\n\t\t\t\n\t\t\t\n\t<div class=\"img has-hover x md-x lg-x y md-y lg-y\" id=\"image_1127336743\">\n\t\t\t\t\t\t\t\t<div class=\"img-inner dark\" >\n\t\t\t<img loading=\"lazy\" decoding=\"async\" width=\"512\" height=\"512\" src=\"https:\/\/vents.co.com\/wp-content\/uploads\/2025\/12\/cropped-888top-favicon.webp\" class=\"attachment-original size-original\" alt=\"Nh\u00e0 c\u00e1i 888top\" srcset=\"https:\/\/vents.co.com\/wp-content\/uploads\/2025\/12\/cropped-888top-favicon.webp 512w, https:\/\/vents.co.com\/wp-content\/uploads\/2025\/12\/cropped-888top-favicon-300x300.webp 300w, https:\/\/vents.co.com\/wp-content\/uploads\/2025\/12\/cropped-888top-favicon-150x150.webp 150w, https:\/\/vents.co.com\/wp-content\/uploads\/2025\/12\/cropped-888top-favicon-270x270.webp 270w, https:\/\/vents.co.com\/wp-content\/uploads\/2025\/12\/cropped-888top-favicon-192x192.webp 192w, https:\/\/vents.co.com\/wp-content\/uploads\/2025\/12\/cropped-888top-favicon-180x180.webp 180w, https:\/\/vents.co.com\/wp-content\/uploads\/2025\/12\/cropped-888top-favicon-32x32.webp 32w\" sizes=\"auto, (max-width: 512px) 100vw, 512px\" \/>\t\t\t\t\t\t\n\t\t\t\t\t<\/div>\n\t\t\t\t\t\t\t\t\n<style>\n#image_1127336743 {\n  width: 80%;\n}\n<\/style>\n\t<\/div>\n\t\n\t\t<\/div>\n\t\t\t\t\t<\/div>\n\n\t\n<\/div>\n<h2 class=\"tieu-de uppercase\"><strong>FAQ &#8211; Gi\u1ea3i \u0111\u00e1p c\u00e2u h\u1ecfi v\u1ec1 nh\u00e0 c\u00e1i 888 top<\/strong><\/h2>\n<div class=\"accordion faq\">\n\t<div id=\"accordion-2917079154\" class=\"accordion-item\">\n\t\t<a id=\"accordion-2917079154-label\" class=\"accordion-title plain\" href=\"#accordion-item-888-top-li\u1ec7u-c\u00f3-l\u1eeba-\u0111\u1ea3o-kh\u00f4ng?\" aria-expanded=\"false\" aria-controls=\"accordion-2917079154-content\">\n\t\t\t<button class=\"toggle\" aria-label=\"Chuy\u1ec3n \u0111\u1ed5i\"><i class=\"icon-angle-down\" aria-hidden=\"true\"><\/i><\/button>\n\t\t\t<span>888 TOP li\u1ec7u c\u00f3 l\u1eeba \u0111\u1ea3o kh\u00f4ng?<\/span>\n\t\t<\/a>\n\t\t<div id=\"accordion-2917079154-content\" class=\"accordion-inner\" aria-labelledby=\"accordion-2917079154-label\">\n\t\t\t\n<p>888top .com l\u00e0 trang web cung c\u1ea5p tr\u00f2 ch\u01a1i t\u1eeb b\u00ean th\u1ee9 3 (N\u1ed5 h\u0169 Jili, K\u00e8o b\u00f3ng Saba, Casino Evolution,&#8230;) n\u00ean kh\u00f4ng th\u1ec3 thay \u0111\u1ed5i k\u1ebft qu\u1ea3. Nh\u00e0 c\u00e1i 888 top c\u0169ng \u0111\u01b0\u1ee3c b\u1ea3o ch\u1ee9ng b\u1edfi t\u1eadp \u0111o\u00e0n Topvip \u0111ang s\u1edf h\u1eefu 99win, 23win, 56win \u0111\u00e3 \u0111\u01b0\u1ee3c r\u1ea5t nhi\u1ec1u ng\u01b0\u1eddi ch\u01a1i tham gia.<\/p>\n\t\t<\/div>\n\t<\/div>\n\t\n\t<div id=\"accordion-2032264913\" class=\"accordion-item\">\n\t\t<a id=\"accordion-2032264913-label\" class=\"accordion-title plain\" href=\"#accordion-item-link-t\u1ed5ng-\u0111\u0103ng-nh\u1eadp-888top-l\u00e0-g\u00ec?\" aria-expanded=\"false\" aria-controls=\"accordion-2032264913-content\">\n\t\t\t<button class=\"toggle\" aria-label=\"Chuy\u1ec3n \u0111\u1ed5i\"><i class=\"icon-angle-down\" aria-hidden=\"true\"><\/i><\/button>\n\t\t\t<span>Link t\u1ed5ng \u0111\u0103ng nh\u1eadp 888top l\u00e0 g\u00ec?<\/span>\n\t\t<\/a>\n\t\t<div id=\"accordion-2032264913-content\" class=\"accordion-inner\" aria-labelledby=\"accordion-2032264913-label\">\n\t\t\t\n<p>C\u00e1c t\u00ean mi\u1ec1n \u0111\u1ec3 th\u00e0nh vi\u00ean truy c\u1eadp &amp; t\u1ea3i App l\u00e0:<\/p>\n<ul>\n<li><em>888 top.com<\/em><\/li>\n<li><em>888top.top<\/em><\/li>\n<li><em>888 top.game<\/em><\/li>\n<li><em>888 top.bet<\/em><\/li>\n<li><em>888top.homes<\/em><\/li>\n<li><em>888 top.vip<\/em><\/li>\n<li><em>888top.casino<\/em><\/li>\n<li><em>888 top.org<\/em><\/li>\n<\/ul>\n<p>S\u1eed dung c\u00e1c li\u00ean k\u1ebft d\u1ef1 ph\u00f2ng khi nh\u00e0 m\u1ea1ng ch\u1eb7n: <em>#888top00.com #888top11.com #888top22.com #888top33.com #888top44.com #888top55.com #888top66.com #888top77.com #888top88.com #888top99.com #888top000.com #888top111.com #888top222.com #888top333.com #888top444.com #888top555.com #888top666.com #888top777.com #888top888.com #888top999.com #888top1.com #888top2.com #888top3.com #888top4.com #888top5.com #888top6.com #888top7.com #888top8.com #888top9.com<\/em><\/p>\n\t\t<\/div>\n\t<\/div>\n\t\n\t<div id=\"accordion-1990362024\" class=\"accordion-item\">\n\t\t<a id=\"accordion-1990362024-label\" class=\"accordion-title plain\" href=\"#accordion-item-khuy\u1ebfn-m\u00e3i-8888top-t\u1eb7ng-58k-c\u00f3-nh\u1eadn-\u0111\u01b0\u1ee3c-kh\u00f4ng?\" aria-expanded=\"false\" aria-controls=\"accordion-1990362024-content\">\n\t\t\t<button class=\"toggle\" aria-label=\"Chuy\u1ec3n \u0111\u1ed5i\"><i class=\"icon-angle-down\" aria-hidden=\"true\"><\/i><\/button>\n\t\t\t<span>Khuy\u1ebfn m\u00e3i 8888top t\u1eb7ng 58k c\u00f3 nh\u1eadn \u0111\u01b0\u1ee3c kh\u00f4ng?<\/span>\n\t\t<\/a>\n\t\t<div id=\"accordion-1990362024-content\" class=\"accordion-inner\" aria-labelledby=\"accordion-1990362024-label\">\n\t\t\t\n<p>Nh\u00e0 c\u00e1i 888top t\u1eb7ng mi\u1ec5n ph\u00ed 58k cho th\u00e0nh vi\u00ean m\u1edbi \u0111\u00e1p \u1ee9ng \u0111\u1ee7 \u0111i\u1ec1u ki\u1ec7n: t\u1ea3i app, \u0111\u0103ng k\u00fd tr\u00ean app, x\u00e1c minh \u0111\u1ee7 th\u00f4ng tin account (t\u00ean, s\u1ed1 \u0111i\u1ec7n tho\u1ea1i, s\u1ed1 t\u00e0i kho\u1ea3n bank).<\/p>\n\t\t<\/div>\n\t<\/div>\n\t\n\t<div id=\"accordion-2342024786\" class=\"accordion-item\">\n\t\t<a id=\"accordion-2342024786-label\" class=\"accordion-title plain\" href=\"#accordion-item-li\u00ean-h\u1ec7-cskh-\u0111\u1ec3-x\u1eed-l\u00fd-r\u00fat-ch\u1eadm-nh\u01b0-n\u00e0o?\" aria-expanded=\"false\" aria-controls=\"accordion-2342024786-content\">\n\t\t\t<button class=\"toggle\" aria-label=\"Chuy\u1ec3n \u0111\u1ed5i\"><i class=\"icon-angle-down\" aria-hidden=\"true\"><\/i><\/button>\n\t\t\t<span>Li\u00ean h\u1ec7 CSKH \u0111\u1ec3 x\u1eed l\u00fd r\u00fat ch\u1eadm nh\u01b0 n\u00e0o?<\/span>\n\t\t<\/a>\n\t\t<div id=\"accordion-2342024786-content\" class=\"accordion-inner\" aria-labelledby=\"accordion-2342024786-label\">\n\t\t\t\n<p>C\u00e1c b\u1ea1n h\u00e3y \u0111\u0103ng nh\u1eadp v\u00e0o t\u00e0i kho\u1ea3n c\u00e1 c\u01b0\u1ee3c 888top .com sau \u0111\u00f3 \u1ea5n &#8220;CSKH&#8221; \u0111\u1ec3 li\u00ean h\u1ec7 v\u1edbi nh\u00e2n vi\u00ean h\u1ed7 tr\u1ee3. Kh\u00f4ng ch\u1ec9 n\u1ea1p r\u00fat ti\u1ec1n m\u00e0 m\u1ecdi v\u1ea5n \u0111\u1ec1 nh\u01b0 Link trang ch\u1ee7, khuy\u1ebfn m\u00e3i,..,.\u0111\u1ec1u \u0111\u01b0\u1ee3c x\u1eed l\u00fd nhanh ch\u00f3ng, b\u1ea3o m\u1eadt.<\/p>\n\t\t<\/div>\n\t<\/div>\n\t\n\t<div id=\"accordion-1183169122\" class=\"accordion-item\">\n\t\t<a id=\"accordion-1183169122-label\" class=\"accordion-title plain\" href=\"#accordion-item-ch\u01a1i-c\u00e1-c\u01b0\u1ee3c-t\u1ea1i-888-top-c\u00f3-s\u1ee3-b\u1ecb-l\u1ed9-th\u00f4ng-tin-kh\u00f4ng?\" aria-expanded=\"false\" aria-controls=\"accordion-1183169122-content\">\n\t\t\t<button class=\"toggle\" aria-label=\"Chuy\u1ec3n \u0111\u1ed5i\"><i class=\"icon-angle-down\" aria-hidden=\"true\"><\/i><\/button>\n\t\t\t<span>Ch\u01a1i c\u00e1 c\u01b0\u1ee3c t\u1ea1i 888 top c\u00f3 s\u1ee3 b\u1ecb l\u1ed9 th\u00f4ng tin kh\u00f4ng?<\/span>\n\t\t<\/a>\n\t\t<div id=\"accordion-1183169122-content\" class=\"accordion-inner\" aria-labelledby=\"accordion-1183169122-label\">\n\t\t\t\n<p>M\u00e1y ch\u1ee7 888top.con \u0111\u1eb7t \u1edf nhi\u1ec1u qu\u1ed1c gia, c\u00e1c d\u1eef li\u1ec7u th\u00e0nh vi\u00ean s\u1ebd \u0111\u01b0\u1ee3c m\u00e3 ho\u00e1 \u0111\u1ea7u cu\u1ed1i SSL n\u00ean r\u1ea5t an to\u00e0n.<\/p>\n\t\t<\/div>\n\t<\/div>\n\t\n<\/div>\n","protected":false},"excerpt":{"rendered":"<p>FAQ &#8211; Gi\u1ea3i \u0111\u00e1p c\u00e2u h\u1ecfi v\u1ec1 nh\u00e0 c\u00e1i 888 top<\/p>\n","protected":false},"author":1,"featured_media":0,"parent":0,"menu_order":0,"comment_status":"closed","ping_status":"closed","template":"","meta":{"footnotes":""},"class_list":["post-6","page","type-page","status-publish","hentry"],"_links":{"self":[{"href":"https:\/\/vents.co.com\/index.php?rest_route=\/wp\/v2\/pages\/6","targetHints":{"allow":["GET"]}}],"collection":[{"href":"https:\/\/vents.co.com\/index.php?rest_route=\/wp\/v2\/pages"}],"about":[{"href":"https:\/\/vents.co.com\/index.php?rest_route=\/wp\/v2\/types\/page"}],"author":[{"embeddable":true,"href":"https:\/\/vents.co.com\/index.php?rest_route=\/wp\/v2\/users\/1"}],"replies":[{"embeddable":true,"href":"https:\/\/vents.co.com\/index.php?rest_route=%2Fwp%2Fv2%2Fcomments&post=6"}],"version-history":[{"count":14,"href":"https:\/\/vents.co.com\/index.php?rest_route=\/wp\/v2\/pages\/6\/revisions"}],"predecessor-version":[{"id":105,"href":"https:\/\/vents.co.com\/index.php?rest_route=\/wp\/v2\/pages\/6\/revisions\/105"}],"wp:attachment":[{"href":"https:\/\/vents.co.com\/index.php?rest_route=%2Fwp%2Fv2%2Fmedia&parent=6"}],"curies":[{"name":"wp","href":"https:\/\/api.w.org\/{rel}","templated":true}]}}